{"id":7395,"date":"2024-02-27T13:44:41","date_gmt":"2024-02-27T13:44:41","guid":{"rendered":"https:\/\/ribarnicajerman.si\/offerta\/"},"modified":"2024-04-14T18:10:52","modified_gmt":"2024-04-14T18:10:52","slug":"offerta","status":"publish","type":"page","link":"https:\/\/ribarnicajerman.si\/it\/offerta\/","title":{"rendered":"Servizi"},"content":{"rendered":"\t\t<div data-elementor-type=\"wp-page\" data-elementor-id=\"7395\" class=\"elementor elementor-7395 elementor-6461\">\n\t\t\t\t<div class=\"elementor-element elementor-element-10aee9e e-flex e-con-boxed e-con e-parent\" data-id=\"10aee9e\" data-element_type=\"container\">\n\t\t\t\t\t<div class=\"e-con-inner\">\n\t\t<div class=\"elementor-element elementor-element-399a080 e-con-full e-flex e-con e-child\" data-id=\"399a080\" data-element_type=\"container\">\n\t\t\t\t<div class=\"elementor-element elementor-element-80047f5 elementor-widget elementor-widget-heading\" data-id=\"80047f5\" data-element_type=\"widget\" data-widget_type=\"heading.default\">\n\t\t\t\t<div class=\"elementor-widget-container\">\n\t\t\t\t\t<h3 class=\"elementor-heading-title elementor-size-default\">PORTIAMO A CASA VOSTRA IL MIGLIORE DEL MARE<\/h3>\t\t\t\t<\/div>\n\t\t\t\t<\/div>\n\t\t\t\t<div class=\"elementor-element elementor-element-f2d5689 elementor-widget elementor-widget-text-editor\" data-id=\"f2d5689\" data-element_type=\"widget\" data-widget_type=\"text-editor.default\">\n\t\t\t\t<div class=\"elementor-widget-container\">\n\t\t\t\t\t\t\t\t\t<p>Lasciatevi tentare dalla nostra esclusiva selezione di delizie marine, accuratamente scelte e adattate al vostro territorio. Grazie al nostro servizio di consegna celere e sicuro, garantiamo l&#8217;arrivo delle prelibatezze pi\u00f9 fresche del mare direttamente nella vostra localit\u00e0.<\/p>\n<p>Il nostro team \u00e8 sempre a disposizione per assistervi, rispondere a ogni domanda e guidarvi nella scelta delle opzioni pi\u00f9 adatte ai vostri desideri e necessit\u00e0.<\/p>\t\t\t\t\t\t\t\t<\/div>\n\t\t\t\t<\/div>\n\t\t\t\t<\/div>\n\t\t<div class=\"elementor-element elementor-element-2954aeb e-con-full e-flex e-con e-child\" data-id=\"2954aeb\" data-element_type=\"container\">\n\t\t\t\t<div class=\"elementor-element elementor-element-23a907f elementor-widget elementor-widget-text-editor\" data-id=\"23a907f\" data-element_type=\"widget\" data-widget_type=\"text-editor.default\">\n\t\t\t\t<div class=\"elementor-widget-container\">\n\t\t\t\t\t\t\t\t\t<p>Iscrivetevi ora alle nostre notifiche e siate tra i primi a ricevere informazioni sulle ultime novit\u00e0, offerte esclusive e modalit\u00e0 di consegna disponibili per la vostra zona.<\/p>\t\t\t\t\t\t\t\t<\/div>\n\t\t\t\t<\/div>\n\t\t\t\t<div class=\"elementor-element elementor-element-8e51fb0 obrazec-it elementor-widget elementor-widget-ecofinecore_button\" data-id=\"8e51fb0\" data-element_type=\"widget\" data-widget_type=\"ecofinecore_button.default\">\n\t\t\t\t<div class=\"elementor-widget-container\">\n\t\t\t\t\t        <div class=\"theme-button button\">\n            <a href=\"#\" target=\"_blank\" rel=\"nofollow\" class=\"theme-btns\"><span>ISCRIVITI<i class=\"fas fa-angle-double-right\"><\/i> <\/span><\/a>\n        <\/div>\n        \t\t\t\t<\/div>\n\t\t\t\t<\/div>\n\t\t\t\t<\/div>\n\t\t\t\t\t<\/div>\n\t\t\t\t<\/div>\n\t\t<div class=\"elementor-element elementor-element-172e84e e-flex e-con-boxed e-con e-parent\" data-id=\"172e84e\" data-element_type=\"container\">\n\t\t\t\t\t<div class=\"e-con-inner\">\n\t\t\t\t<div class=\"elementor-element elementor-element-baca41b elementor-widget elementor-widget-heading\" data-id=\"baca41b\" data-element_type=\"widget\" data-widget_type=\"heading.default\">\n\t\t\t\t<div class=\"elementor-widget-container\">\n\t\t\t\t\t<h2 class=\"elementor-heading-title elementor-size-default\">Localit\u00e0<\/h2>\t\t\t\t<\/div>\n\t\t\t\t<\/div>\n\t\t\t\t\t<\/div>\n\t\t\t\t<\/div>\n\t\t<div class=\"elementor-element elementor-element-046b51e e-flex e-con-boxed e-con e-parent\" data-id=\"046b51e\" data-element_type=\"container\" data-settings=\"{&quot;background_background&quot;:&quot;classic&quot;}\">\n\t\t\t\t\t<div class=\"e-con-inner\">\n\t\t<div class=\"elementor-element elementor-element-36b6a9e e-con-full e-flex e-con e-child\" data-id=\"36b6a9e\" data-element_type=\"container\">\n\t\t\t\t<div class=\"elementor-element elementor-element-e06f924 elementor-widget elementor-widget-ecofinecore_button\" data-id=\"e06f924\" data-element_type=\"widget\" data-widget_type=\"ecofinecore_button.default\">\n\t\t\t\t<div class=\"elementor-widget-container\">\n\t\t\t\t\t        <div class=\"theme-button button\">\n            <a href=\"\/it\/tag\/ljubljana-it\/\" class=\"theme-btns\"><span>Ljubljana<i class=\"fas fa-angle-double-right\"><\/i> <\/span><\/a>\n        <\/div>\n        \t\t\t\t<\/div>\n\t\t\t\t<\/div>\n\t\t\t\t<\/div>\n\t\t<div class=\"elementor-element elementor-element-6a76bcb e-con-full e-flex e-con e-child\" data-id=\"6a76bcb\" data-element_type=\"container\">\n\t\t\t\t<div class=\"elementor-element elementor-element-83cab93 elementor-widget elementor-widget-ecofinecore_button\" data-id=\"83cab93\" data-element_type=\"widget\" data-widget_type=\"ecofinecore_button.default\">\n\t\t\t\t<div class=\"elementor-widget-container\">\n\t\t\t\t\t        <div class=\"theme-button button\">\n            <a href=\"\/it\/tag\/brezovica-it\/\" class=\"theme-btns\"><span>Brezovica<i class=\"fas fa-angle-double-right\"><\/i> <\/span><\/a>\n        <\/div>\n        \t\t\t\t<\/div>\n\t\t\t\t<\/div>\n\t\t\t\t<\/div>\n\t\t<div class=\"elementor-element elementor-element-1361169 e-con-full e-flex e-con e-child\" data-id=\"1361169\" data-element_type=\"container\">\n\t\t\t\t<div class=\"elementor-element elementor-element-6d492b9 elementor-widget elementor-widget-ecofinecore_button\" data-id=\"6d492b9\" data-element_type=\"widget\" data-widget_type=\"ecofinecore_button.default\">\n\t\t\t\t<div class=\"elementor-widget-container\">\n\t\t\t\t\t        <div class=\"theme-button button\">\n            <a href=\"\/it\/tag\/vrhnika-it\/\" class=\"theme-btns\"><span>Vrhnika<i class=\"fas fa-angle-double-right\"><\/i> <\/span><\/a>\n        <\/div>\n        \t\t\t\t<\/div>\n\t\t\t\t<\/div>\n\t\t\t\t<\/div>\n\t\t<div class=\"elementor-element elementor-element-5019ac5 e-con-full e-flex e-con e-child\" data-id=\"5019ac5\" data-element_type=\"container\">\n\t\t\t\t<div class=\"elementor-element elementor-element-e78cf4a elementor-widget elementor-widget-ecofinecore_button\" data-id=\"e78cf4a\" data-element_type=\"widget\" data-widget_type=\"ecofinecore_button.default\">\n\t\t\t\t<div class=\"elementor-widget-container\">\n\t\t\t\t\t        <div class=\"theme-button button\">\n            <a href=\"\/it\/tag\/postojna-it\/\" class=\"theme-btns\"><span>Postojna<i class=\"fas fa-angle-double-right\"><\/i> <\/span><\/a>\n        <\/div>\n        \t\t\t\t<\/div>\n\t\t\t\t<\/div>\n\t\t\t\t<\/div>\n\t\t<div class=\"elementor-element elementor-element-932d9e0 e-con-full e-flex e-con e-child\" data-id=\"932d9e0\" data-element_type=\"container\">\n\t\t\t\t<div class=\"elementor-element elementor-element-2b4b0ea elementor-widget elementor-widget-text-editor\" data-id=\"2b4b0ea\" data-element_type=\"widget\" data-widget_type=\"text-editor.default\">\n\t\t\t\t<div class=\"elementor-widget-container\">\n\t\t\t\t\t\t\t\t\t<h6>LOCALIT\u00c0 AGGIUNTIVE<\/h6>\n<p>Desiderate che organizziamo la consegna di fresche delizie marine anche nella vostra citt\u00e0? Si prega di cliccare (qui), selezionare la vostra localit\u00e0 e iscriversi per ricevere notifiche riguardo a future consegne nella vostra zona.<\/p>\t\t\t\t\t\t\t\t<\/div>\n\t\t\t\t<\/div>\n\t\t\t\t<\/div>\n\t\t\t\t\t<\/div>\n\t\t\t\t<\/div>\n\t\t<div class=\"elementor-element elementor-element-4c477a6 e-con-full e-flex e-con e-parent\" data-id=\"4c477a6\" data-element_type=\"container\" data-settings=\"{&quot;background_background&quot;:&quot;classic&quot;}\">\n\t\t\t\t<div class=\"elementor-element elementor-element-bb15617 elementor-widget elementor-widget-heading\" data-id=\"bb15617\" data-element_type=\"widget\" data-widget_type=\"heading.default\">\n\t\t\t\t<div class=\"elementor-widget-container\">\n\t\t\t\t\t<h2 class=\"elementor-heading-title elementor-size-default\">Ultime offerte<\/h2>\t\t\t\t<\/div>\n\t\t\t\t<\/div>\n\t\t\t\t<div class=\"elementor-element elementor-element-86f7592 elementor-widget elementor-widget-eco_blog_v5\" data-id=\"86f7592\" data-element_type=\"widget\" data-widget_type=\"eco_blog_v5.default\">\n\t\t\t\t<div class=\"elementor-widget-container\">\n\t\t\t\t\t        <div class=\"eco-blog-five-wrapper\">\r\n            <div class=\"container\">\r\n                <div class=\"row\">\r\n                                            <div class=\"col-xl-4 col-lg-4 col-md-6 \">\r\n                            <div class=\"news-block-five\">\r\n                                                                    <div class=\"news-five-image\">\r\n                                        <a href=\"https:\/\/ribarnicajerman.si\/it\/offerta\/consegna-di-specialita-di-mare-a-ljubljana-brezovica-postojna-e-vrhnika-3\/\">  <img fetchpriority=\"high\" decoding=\"async\" width=\"720\" height=\"960\" src=\"https:\/\/ribarnicajerman.si\/wp-content\/uploads\/2024\/02\/420181763_902575271755167_5330406402840591303_n-min.jpg\" class=\"img-responsive wp-post-image\" alt=\"\" srcset=\"https:\/\/ribarnicajerman.si\/wp-content\/uploads\/2024\/02\/420181763_902575271755167_5330406402840591303_n-min.jpg 720w, https:\/\/ribarnicajerman.si\/wp-content\/uploads\/2024\/02\/420181763_902575271755167_5330406402840591303_n-min-225x300.jpg 225w\" sizes=\"(max-width: 720px) 100vw, 720px\" \/> <\/a>\r\n                                                                                    <div class=\"post-date grid\">  27 Feb   <\/div>\r\n                                                                            <\/div>\r\n                                                                <div class=\"news-five-content\">\r\n                                    <ul class=\"post-info\">\r\n                                        <li><i class=\"far fa-user\"><\/i>  rbjadmin <\/li>\r\n                                        <li>  <i class=\"ico ico-comments\"><\/i>Comment (0) <\/li>\r\n                                    \r\n                                    <\/ul>\r\n                                    <h4 class=\"blog-five-title\"><a href=\"https:\/\/ribarnicajerman.si\/it\/offerta\/consegna-di-specialita-di-mare-a-ljubljana-brezovica-postojna-e-vrhnika-3\/\">CONSEGNA DI SPECIALIT\u00c0 DI MARE A LJUBLJANA,&hellip;<\/a><\/h4>\r\n                                <\/div>\r\n                            <\/div>\r\n                        <\/div>\r\n                                            <div class=\"col-xl-4 col-lg-4 col-md-6 \">\r\n                            <div class=\"news-block-five\">\r\n                                                                    <div class=\"news-five-image\">\r\n                                        <a href=\"https:\/\/ribarnicajerman.si\/it\/offerta\/consegna-di-specialita-di-mare-a-ljubljana-brezovica-postojna-e-vrhnika-2\/\">  <img decoding=\"async\" width=\"1200\" height=\"1599\" src=\"https:\/\/ribarnicajerman.si\/wp-content\/uploads\/2024\/02\/130681768_1072965796465907_3820960187184880306_n-min.jpg\" class=\"img-responsive wp-post-image\" alt=\"\" srcset=\"https:\/\/ribarnicajerman.si\/wp-content\/uploads\/2024\/02\/130681768_1072965796465907_3820960187184880306_n-min.jpg 1200w, https:\/\/ribarnicajerman.si\/wp-content\/uploads\/2024\/02\/130681768_1072965796465907_3820960187184880306_n-min-225x300.jpg 225w, https:\/\/ribarnicajerman.si\/wp-content\/uploads\/2024\/02\/130681768_1072965796465907_3820960187184880306_n-min-768x1023.jpg 768w, https:\/\/ribarnicajerman.si\/wp-content\/uploads\/2024\/02\/130681768_1072965796465907_3820960187184880306_n-min-1153x1536.jpg 1153w\" sizes=\"(max-width: 1200px) 100vw, 1200px\" \/> <\/a>\r\n                                                                                    <div class=\"post-date grid\">  27 Feb   <\/div>\r\n                                                                            <\/div>\r\n                                                                <div class=\"news-five-content\">\r\n                                    <ul class=\"post-info\">\r\n                                        <li><i class=\"far fa-user\"><\/i>  rbjadmin <\/li>\r\n                                        <li>  <i class=\"ico ico-comments\"><\/i>Comment (0) <\/li>\r\n                                    \r\n                                    <\/ul>\r\n                                    <h4 class=\"blog-five-title\"><a href=\"https:\/\/ribarnicajerman.si\/it\/offerta\/consegna-di-specialita-di-mare-a-ljubljana-brezovica-postojna-e-vrhnika-2\/\">CONSEGNA DI SPECIALIT\u00c0 DI MARE A LJUBLJANA,&hellip;<\/a><\/h4>\r\n                                <\/div>\r\n                            <\/div>\r\n                        <\/div>\r\n                                            <div class=\"col-xl-4 col-lg-4 col-md-6 \">\r\n                            <div class=\"news-block-five\">\r\n                                                                    <div class=\"news-five-image\">\r\n                                        <a href=\"https:\/\/ribarnicajerman.si\/it\/offerta\/consegna-di-specialita-di-mare-a-ljubljana-brezovica-postojna-e-vrhnika\/\">  <img decoding=\"async\" width=\"1200\" height=\"1600\" src=\"https:\/\/ribarnicajerman.si\/wp-content\/uploads\/2024\/02\/424866657_926572462688781_2984888505746895087_n.jpg\" class=\"img-responsive wp-post-image\" alt=\"\" srcset=\"https:\/\/ribarnicajerman.si\/wp-content\/uploads\/2024\/02\/424866657_926572462688781_2984888505746895087_n.jpg 1200w, https:\/\/ribarnicajerman.si\/wp-content\/uploads\/2024\/02\/424866657_926572462688781_2984888505746895087_n-225x300.jpg 225w, https:\/\/ribarnicajerman.si\/wp-content\/uploads\/2024\/02\/424866657_926572462688781_2984888505746895087_n-768x1024.jpg 768w, https:\/\/ribarnicajerman.si\/wp-content\/uploads\/2024\/02\/424866657_926572462688781_2984888505746895087_n-1152x1536.jpg 1152w\" sizes=\"(max-width: 1200px) 100vw, 1200px\" \/> <\/a>\r\n                                                                                    <div class=\"post-date grid\">  23 Feb   <\/div>\r\n                                                                            <\/div>\r\n                                                                <div class=\"news-five-content\">\r\n                                    <ul class=\"post-info\">\r\n                                        <li><i class=\"far fa-user\"><\/i>  rbjadmin <\/li>\r\n                                        <li>  <i class=\"ico ico-comments\"><\/i>Comment (0) <\/li>\r\n                                    \r\n                                    <\/ul>\r\n                                    <h4 class=\"blog-five-title\"><a href=\"https:\/\/ribarnicajerman.si\/it\/offerta\/consegna-di-specialita-di-mare-a-ljubljana-brezovica-postojna-e-vrhnika\/\">CONSEGNA DI SPECIALIT\u00c0 DI MARE A LJUBLJANA,&hellip;<\/a><\/h4>\r\n                                <\/div>\r\n                            <\/div>\r\n                        <\/div>\r\n                                                        <\/div>\r\n            <\/div>\r\n        <\/div>\r\n        \t\t\t\t<\/div>\n\t\t\t\t<\/div>\n\t\t\t\t<\/div>\n\t\t\t\t<\/div>\n\t\t","protected":false},"excerpt":{"rendered":"<p>PORTIAMO A CASA VOSTRA IL MIGLIORE DEL MARE Lasciatevi tentare dalla nostra esclusiva selezione di delizie marine, accuratamente scelte e adattate al vostro territorio. Grazie al nostro servizio di consegna celere e sicuro, garantiamo l&#8217;arrivo delle prelibatezze pi\u00f9 fresche del mare direttamente nella vostra localit\u00e0. Il nostro team \u00e8 sempre a disposizione per assistervi, rispondere [&hellip;]<\/p>\n","protected":false},"author":1,"featured_media":7349,"parent":0,"menu_order":0,"comment_status":"closed","ping_status":"closed","template":"blank-template.php","meta":{"footnotes":""},"class_list":["post-7395","page","type-page","status-publish","has-post-thumbnail","hentry"],"yoast_head":"<!-- This site is optimized with the Yoast SEO plugin v26.2 - https:\/\/yoast.com\/wordpress\/plugins\/seo\/ -->\n<title>Offerenza e consegna - Pescheria Jerman<\/title>\n<meta name=\"description\" content=\"Consegna di prelibatezze marine fresche nella vostra localit\u00e0! Viziativi con la nostra offerta unica di prelibatezze marine fresche, adattate alle esigenze della vostra localit\u00e0.\" \/>\n<meta name=\"robots\" content=\"index, follow, max-snippet:-1, max-image-preview:large, max-video-preview:-1\" \/>\n<link rel=\"canonical\" href=\"https:\/\/ribarnicajerman.si\/it\/offerta\/\" \/>\n<meta property=\"og:locale\" content=\"it_IT\" \/>\n<meta property=\"og:type\" content=\"article\" \/>\n<meta property=\"og:title\" content=\"Offerenza e consegna - Pescheria Jerman\" \/>\n<meta property=\"og:description\" content=\"Consegna di prelibatezze marine fresche nella vostra localit\u00e0! Viziativi con la nostra offerta unica di prelibatezze marine fresche, adattate alle esigenze della vostra localit\u00e0.\" \/>\n<meta property=\"og:url\" content=\"https:\/\/ribarnicajerman.si\/it\/offerta\/\" \/>\n<meta property=\"og:site_name\" content=\"Ribarnica Jerman\" \/>\n<meta property=\"article:publisher\" content=\"https:\/\/www.facebook.com\/ribarnicajerman\/\" \/>\n<meta property=\"article:modified_time\" content=\"2024-04-14T18:10:52+00:00\" \/>\n<meta property=\"og:image\" content=\"https:\/\/ribarnicajerman.si\/wp-content\/uploads\/2024\/02\/426411269_922179343128093_8121548893672136024_n-min.jpg\" \/>\n\t<meta property=\"og:image:width\" content=\"720\" \/>\n\t<meta property=\"og:image:height\" content=\"960\" \/>\n\t<meta property=\"og:image:type\" content=\"image\/jpeg\" \/>\n<meta name=\"twitter:card\" content=\"summary_large_image\" \/>\n<meta name=\"twitter:label1\" content=\"Tempo di lettura stimato\" \/>\n\t<meta name=\"twitter:data1\" content=\"3 minuti\" \/>\n<script type=\"application\/ld+json\" class=\"yoast-schema-graph\">{\"@context\":\"https:\/\/schema.org\",\"@graph\":[{\"@type\":\"WebPage\",\"@id\":\"https:\/\/ribarnicajerman.si\/it\/offerta\/\",\"url\":\"https:\/\/ribarnicajerman.si\/it\/offerta\/\",\"name\":\"Offerenza e consegna - Pescheria Jerman\",\"isPartOf\":{\"@id\":\"https:\/\/ribarnicajerman.si\/it\/#website\"},\"primaryImageOfPage\":{\"@id\":\"https:\/\/ribarnicajerman.si\/it\/offerta\/#primaryimage\"},\"image\":{\"@id\":\"https:\/\/ribarnicajerman.si\/it\/offerta\/#primaryimage\"},\"thumbnailUrl\":\"https:\/\/ribarnicajerman.si\/wp-content\/uploads\/2024\/02\/426411269_922179343128093_8121548893672136024_n-min.jpg\",\"datePublished\":\"2024-02-27T13:44:41+00:00\",\"dateModified\":\"2024-04-14T18:10:52+00:00\",\"description\":\"Consegna di prelibatezze marine fresche nella vostra localit\u00e0! Viziativi con la nostra offerta unica di prelibatezze marine fresche, adattate alle esigenze della vostra localit\u00e0.\",\"breadcrumb\":{\"@id\":\"https:\/\/ribarnicajerman.si\/it\/offerta\/#breadcrumb\"},\"inLanguage\":\"it-IT\",\"potentialAction\":[{\"@type\":\"ReadAction\",\"target\":[\"https:\/\/ribarnicajerman.si\/it\/offerta\/\"]}]},{\"@type\":\"ImageObject\",\"inLanguage\":\"it-IT\",\"@id\":\"https:\/\/ribarnicajerman.si\/it\/offerta\/#primaryimage\",\"url\":\"https:\/\/ribarnicajerman.si\/wp-content\/uploads\/2024\/02\/426411269_922179343128093_8121548893672136024_n-min.jpg\",\"contentUrl\":\"https:\/\/ribarnicajerman.si\/wp-content\/uploads\/2024\/02\/426411269_922179343128093_8121548893672136024_n-min.jpg\",\"width\":720,\"height\":960},{\"@type\":\"BreadcrumbList\",\"@id\":\"https:\/\/ribarnicajerman.si\/it\/offerta\/#breadcrumb\",\"itemListElement\":[{\"@type\":\"ListItem\",\"position\":1,\"name\":\"Home\",\"item\":\"https:\/\/ribarnicajerman.si\/it\/\"},{\"@type\":\"ListItem\",\"position\":2,\"name\":\"Servizi\"}]},{\"@type\":\"WebSite\",\"@id\":\"https:\/\/ribarnicajerman.si\/it\/#website\",\"url\":\"https:\/\/ribarnicajerman.si\/it\/\",\"name\":\"Ribarnica Jerman\",\"description\":\"Ribarnica z najdalj\u0161o tradicijo v Sloveniji.\",\"publisher\":{\"@id\":\"https:\/\/ribarnicajerman.si\/it\/#organization\"},\"inLanguage\":\"it-IT\"},{\"@type\":\"Organization\",\"@id\":\"https:\/\/ribarnicajerman.si\/it\/#organization\",\"name\":\"Ribarnica Jerman\",\"url\":\"https:\/\/ribarnicajerman.si\/it\/\",\"logo\":{\"@type\":\"ImageObject\",\"inLanguage\":\"it-IT\",\"@id\":\"https:\/\/ribarnicajerman.si\/it\/#\/schema\/logo\/image\/\",\"url\":\"https:\/\/ribarnicajerman.si\/wp-content\/uploads\/2024\/02\/Jerman_logotip-pdf.svg\",\"contentUrl\":\"https:\/\/ribarnicajerman.si\/wp-content\/uploads\/2024\/02\/Jerman_logotip-pdf.svg\",\"width\":1,\"height\":1,\"caption\":\"Ribarnica Jerman\"},\"image\":{\"@id\":\"https:\/\/ribarnicajerman.si\/it\/#\/schema\/logo\/image\/\"},\"sameAs\":[\"https:\/\/www.facebook.com\/ribarnicajerman\/\",\"https:\/\/www.instagram.com\/ribarnica.pescheria.jerman\/\"]}]}<\/script>\n<!-- \/ Yoast SEO plugin. -->","yoast_head_json":{"title":"Offerenza e consegna - Pescheria Jerman","description":"Consegna di prelibatezze marine fresche nella vostra localit\u00e0! Viziativi con la nostra offerta unica di prelibatezze marine fresche, adattate alle esigenze della vostra localit\u00e0.","robots":{"index":"index","follow":"follow","max-snippet":"max-snippet:-1","max-image-preview":"max-image-preview:large","max-video-preview":"max-video-preview:-1"},"canonical":"https:\/\/ribarnicajerman.si\/it\/offerta\/","og_locale":"it_IT","og_type":"article","og_title":"Offerenza e consegna - Pescheria Jerman","og_description":"Consegna di prelibatezze marine fresche nella vostra localit\u00e0! Viziativi con la nostra offerta unica di prelibatezze marine fresche, adattate alle esigenze della vostra localit\u00e0.","og_url":"https:\/\/ribarnicajerman.si\/it\/offerta\/","og_site_name":"Ribarnica Jerman","article_publisher":"https:\/\/www.facebook.com\/ribarnicajerman\/","article_modified_time":"2024-04-14T18:10:52+00:00","og_image":[{"width":720,"height":960,"url":"https:\/\/ribarnicajerman.si\/wp-content\/uploads\/2024\/02\/426411269_922179343128093_8121548893672136024_n-min.jpg","type":"image\/jpeg"}],"twitter_card":"summary_large_image","twitter_misc":{"Tempo di lettura stimato":"3 minuti"},"schema":{"@context":"https:\/\/schema.org","@graph":[{"@type":"WebPage","@id":"https:\/\/ribarnicajerman.si\/it\/offerta\/","url":"https:\/\/ribarnicajerman.si\/it\/offerta\/","name":"Offerenza e consegna - Pescheria Jerman","isPartOf":{"@id":"https:\/\/ribarnicajerman.si\/it\/#website"},"primaryImageOfPage":{"@id":"https:\/\/ribarnicajerman.si\/it\/offerta\/#primaryimage"},"image":{"@id":"https:\/\/ribarnicajerman.si\/it\/offerta\/#primaryimage"},"thumbnailUrl":"https:\/\/ribarnicajerman.si\/wp-content\/uploads\/2024\/02\/426411269_922179343128093_8121548893672136024_n-min.jpg","datePublished":"2024-02-27T13:44:41+00:00","dateModified":"2024-04-14T18:10:52+00:00","description":"Consegna di prelibatezze marine fresche nella vostra localit\u00e0! Viziativi con la nostra offerta unica di prelibatezze marine fresche, adattate alle esigenze della vostra localit\u00e0.","breadcrumb":{"@id":"https:\/\/ribarnicajerman.si\/it\/offerta\/#breadcrumb"},"inLanguage":"it-IT","potentialAction":[{"@type":"ReadAction","target":["https:\/\/ribarnicajerman.si\/it\/offerta\/"]}]},{"@type":"ImageObject","inLanguage":"it-IT","@id":"https:\/\/ribarnicajerman.si\/it\/offerta\/#primaryimage","url":"https:\/\/ribarnicajerman.si\/wp-content\/uploads\/2024\/02\/426411269_922179343128093_8121548893672136024_n-min.jpg","contentUrl":"https:\/\/ribarnicajerman.si\/wp-content\/uploads\/2024\/02\/426411269_922179343128093_8121548893672136024_n-min.jpg","width":720,"height":960},{"@type":"BreadcrumbList","@id":"https:\/\/ribarnicajerman.si\/it\/offerta\/#breadcrumb","itemListElement":[{"@type":"ListItem","position":1,"name":"Home","item":"https:\/\/ribarnicajerman.si\/it\/"},{"@type":"ListItem","position":2,"name":"Servizi"}]},{"@type":"WebSite","@id":"https:\/\/ribarnicajerman.si\/it\/#website","url":"https:\/\/ribarnicajerman.si\/it\/","name":"Ribarnica Jerman","description":"Ribarnica z najdalj\u0161o tradicijo v Sloveniji.","publisher":{"@id":"https:\/\/ribarnicajerman.si\/it\/#organization"},"inLanguage":"it-IT"},{"@type":"Organization","@id":"https:\/\/ribarnicajerman.si\/it\/#organization","name":"Ribarnica Jerman","url":"https:\/\/ribarnicajerman.si\/it\/","logo":{"@type":"ImageObject","inLanguage":"it-IT","@id":"https:\/\/ribarnicajerman.si\/it\/#\/schema\/logo\/image\/","url":"https:\/\/ribarnicajerman.si\/wp-content\/uploads\/2024\/02\/Jerman_logotip-pdf.svg","contentUrl":"https:\/\/ribarnicajerman.si\/wp-content\/uploads\/2024\/02\/Jerman_logotip-pdf.svg","width":1,"height":1,"caption":"Ribarnica Jerman"},"image":{"@id":"https:\/\/ribarnicajerman.si\/it\/#\/schema\/logo\/image\/"},"sameAs":["https:\/\/www.facebook.com\/ribarnicajerman\/","https:\/\/www.instagram.com\/ribarnica.pescheria.jerman\/"]}]}},"_links":{"self":[{"href":"https:\/\/ribarnicajerman.si\/it\/wp-json\/wp\/v2\/pages\/7395","targetHints":{"allow":["GET"]}}],"collection":[{"href":"https:\/\/ribarnicajerman.si\/it\/wp-json\/wp\/v2\/pages"}],"about":[{"href":"https:\/\/ribarnicajerman.si\/it\/wp-json\/wp\/v2\/types\/page"}],"author":[{"embeddable":true,"href":"https:\/\/ribarnicajerman.si\/it\/wp-json\/wp\/v2\/users\/1"}],"replies":[{"embeddable":true,"href":"https:\/\/ribarnicajerman.si\/it\/wp-json\/wp\/v2\/comments?post=7395"}],"version-history":[{"count":23,"href":"https:\/\/ribarnicajerman.si\/it\/wp-json\/wp\/v2\/pages\/7395\/revisions"}],"predecessor-version":[{"id":7645,"href":"https:\/\/ribarnicajerman.si\/it\/wp-json\/wp\/v2\/pages\/7395\/revisions\/7645"}],"wp:featuredmedia":[{"embeddable":true,"href":"https:\/\/ribarnicajerman.si\/it\/wp-json\/wp\/v2\/media\/7349"}],"wp:attachment":[{"href":"https:\/\/ribarnicajerman.si\/it\/wp-json\/wp\/v2\/media?parent=7395"}],"curies":[{"name":"wp","href":"https:\/\/api.w.org\/{rel}","templated":true}]}}